{"id":3639,"date":"2025-01-08T16:33:34","date_gmt":"2025-01-08T13:33:34","guid":{"rendered":"https:\/\/ageenerji.com.tr\/areas-of-activity\/"},"modified":"2025-02-05T10:30:13","modified_gmt":"2025-02-05T07:30:13","slug":"areas-of-activity","status":"publish","type":"page","link":"https:\/\/ageenerji.com.tr\/en\/areas-of-activity\/","title":{"rendered":"Areas of Activity"},"content":{"rendered":"\t\t<div data-elementor-type=\"wp-page\" data-elementor-id=\"3639\" class=\"elementor elementor-3639 elementor-2038\" data-elementor-post-type=\"page\">\n\t\t\t\t<div class=\"elementor-element elementor-element-f90d6b0 e-con-full e-flex e-con e-parent\" data-id=\"f90d6b0\" data-element_type=\"container\" data-e-type=\"container\">\n\t\t\t\t<div class=\"elementor-element elementor-element-73da34c elementor-widget elementor-widget-heading\" data-id=\"73da34c\" data-element_type=\"widget\" data-e-type=\"widget\" data-widget_type=\"heading.default\">\n\t\t\t\t<div class=\"elementor-widget-container\">\n\t\t\t\t\t<h2 class=\"elementor-heading-title elementor-size-default\">FIELDS OF ACTIVITY<\/h2>\t\t\t\t<\/div>\n\t\t\t\t<\/div>\n\t\t\t\t<div class=\"elementor-element elementor-element-0fc7a89 elementor-widget-divider--view-line elementor-widget elementor-widget-divider\" data-id=\"0fc7a89\" data-element_type=\"widget\" data-e-type=\"widget\" data-widget_type=\"divider.default\">\n\t\t\t\t<div class=\"elementor-widget-container\">\n\t\t\t\t\t\t\t<div class=\"elementor-divider\">\n\t\t\t<span class=\"elementor-divider-separator\">\n\t\t\t\t\t\t<\/span>\n\t\t<\/div>\n\t\t\t\t\t\t<\/div>\n\t\t\t\t<\/div>\n\t\t\t\t<\/div>\n\t\t<div class=\"elementor-element elementor-element-1078719 e-con-full e-flex e-con e-parent\" data-id=\"1078719\" data-element_type=\"container\" data-e-type=\"container\">\n\t\t\t\t<div class=\"elementor-element elementor-element-fc94e2d elementor-widget elementor-widget-tp-blog-listout\" data-id=\"fc94e2d\" data-element_type=\"widget\" data-e-type=\"widget\" data-widget_type=\"tp-blog-listout.default\">\n\t\t\t\t<div class=\"elementor-widget-container\">\n\t\t\t\t\t<div id=\"pt-plus-blog-post-list\" class=\"blog-list post69ee4c7fa70e0  list-isotope  blog-style-2 hover-image-style-1 layout-style-1  \"  data-layout-type=\"fitRows\"   data-id=\"post69ee4c7fa70e0\" data-style=\"style-2\"   dir= data-enable-isotope=\"1\" filter-type = \"normal\"><div id=\"post69ee4c7fa70e0\" class=\"tp-row post-inner-loop post69ee4c7fa70e0 text-left  \" data-extparam= '{\"loading-opt\":\"skeleton\",\"URL-para\":\"\"}'  ><div class=\"grid-item metro-item  tp-col-lg-3 tp-col-md-4 tp-col-sm-6 tp-col-6  \"><article id=\"post-3655\" class=\"post-3655 post type-post status-publish format-standard has-post-thumbnail hentry category-activity\">\r\n\t<div class=\"blog-list-content\">\r\n\t\t\t\t<div class=\"post-content-image\">\r\n\t\t\t<a href=\"https:\/\/ageenerji.com.tr\/en\/electricity-sales-to-eligible-consumers\/\">\r\n\t\t\t\t\t<div class=\"blog-featured-image \">\r\n\t<span class=\"thumb-wrap\">\r\n\t\t<img fetchpriority=\"high\" decoding=\"async\" width=\"700\" height=\"700\" src=\"https:\/\/ageenerji.com.tr\/wp-content\/uploads\/2025\/01\/elektrik-satis-3-700x700.jpg\" class=\"attachment-tp-image-grid size-tp-image-grid\" alt=\"\" srcset=\"https:\/\/ageenerji.com.tr\/wp-content\/uploads\/2025\/01\/elektrik-satis-3-700x700.jpg 700w, https:\/\/ageenerji.com.tr\/wp-content\/uploads\/2025\/01\/elektrik-satis-3-300x300.jpg 300w, https:\/\/ageenerji.com.tr\/wp-content\/uploads\/2025\/01\/elektrik-satis-3-1024x1024.jpg 1024w, https:\/\/ageenerji.com.tr\/wp-content\/uploads\/2025\/01\/elektrik-satis-3-150x150.jpg 150w, https:\/\/ageenerji.com.tr\/wp-content\/uploads\/2025\/01\/elektrik-satis-3-768x768.jpg 768w, https:\/\/ageenerji.com.tr\/wp-content\/uploads\/2025\/01\/elektrik-satis-3.jpg 1080w\" sizes=\"(max-width: 700px) 100vw, 700px\" \/>\t<\/span>\r\n\t<\/div>\r\n\t\t\t<\/a>\r\n\t\t\t\t\t<\/div>\r\n\t\t\t\t<div class=\"post-content-bottom\">\r\n\t\t\t\t\t\t<div class=\"post-metro-content\">\r\n\t\t\t\t<h3 class=\"post-title\">\r\n\t<a href=\"https:\/\/ageenerji.com.tr\/en\/electricity-sales-to-eligible-consumers\/\" class=\"normal\">Electricity Sales to Eligible Consumers<\/a>\r\n<\/h3>\r\n\t\t\t\t\t\t\t\t\t<div class=\"post-hover-content\">\r\n\t\t\t\t\t\t<div class=\"entry-content\">\r\n\t<p>Electricity Supply and Energy Solutions As AGE Energy, we offer optimized electricity...<\/p>\r\n<\/div>\r\n\t\t\t\t\t<\/div>\r\n\t\t\t\t\t\t\t\t\t\t\t<\/div>\r\n\t\t<\/div>\r\n\t\t\t\t\t<\/div>\r\n<\/article>\r\n<\/div><div class=\"grid-item metro-item  tp-col-lg-3 tp-col-md-4 tp-col-sm-6 tp-col-6  \"><article id=\"post-3659\" class=\"post-3659 post type-post status-publish format-standard has-post-thumbnail hentry category-activity\">\r\n\t<div class=\"blog-list-content\">\r\n\t\t\t\t<div class=\"post-content-image\">\r\n\t\t\t<a href=\"https:\/\/ageenerji.com.tr\/en\/wholesale-and-retail-energy-business-models\/\">\r\n\t\t\t\t\t<div class=\"blog-featured-image \">\r\n\t<span class=\"thumb-wrap\">\r\n\t\t<img decoding=\"async\" width=\"700\" height=\"700\" src=\"https:\/\/ageenerji.com.tr\/wp-content\/uploads\/2025\/01\/elektrik-hatti-700x700.jpg\" class=\"attachment-tp-image-grid size-tp-image-grid\" alt=\"\" srcset=\"https:\/\/ageenerji.com.tr\/wp-content\/uploads\/2025\/01\/elektrik-hatti-700x700.jpg 700w, https:\/\/ageenerji.com.tr\/wp-content\/uploads\/2025\/01\/elektrik-hatti-300x300.jpg 300w, https:\/\/ageenerji.com.tr\/wp-content\/uploads\/2025\/01\/elektrik-hatti-1024x1024.jpg 1024w, https:\/\/ageenerji.com.tr\/wp-content\/uploads\/2025\/01\/elektrik-hatti-150x150.jpg 150w, https:\/\/ageenerji.com.tr\/wp-content\/uploads\/2025\/01\/elektrik-hatti-768x768.jpg 768w, https:\/\/ageenerji.com.tr\/wp-content\/uploads\/2025\/01\/elektrik-hatti-1536x1536.jpg 1536w, https:\/\/ageenerji.com.tr\/wp-content\/uploads\/2025\/01\/elektrik-hatti.jpg 1600w\" sizes=\"(max-width: 700px) 100vw, 700px\" \/>\t<\/span>\r\n\t<\/div>\r\n\t\t\t<\/a>\r\n\t\t\t\t\t<\/div>\r\n\t\t\t\t<div class=\"post-content-bottom\">\r\n\t\t\t\t\t\t<div class=\"post-metro-content\">\r\n\t\t\t\t<h3 class=\"post-title\">\r\n\t<a href=\"https:\/\/ageenerji.com.tr\/en\/wholesale-and-retail-energy-business-models\/\" class=\"normal\">Wholesale and Retail Energy Business Models<\/a>\r\n<\/h3>\r\n\t\t\t\t\t\t\t\t\t<div class=\"post-hover-content\">\r\n\t\t\t\t\t\t<div class=\"entry-content\">\r\n\t<p>Wholesale and Retail Energy Business Models AGE Elektrik Enerjisi Toptan Sat\u0131\u015f A.\u015e.,...<\/p>\r\n<\/div>\r\n\t\t\t\t\t<\/div>\r\n\t\t\t\t\t\t\t\t\t\t\t<\/div>\r\n\t\t<\/div>\r\n\t\t\t\t\t<\/div>\r\n<\/article>\r\n<\/div><div class=\"grid-item metro-item  tp-col-lg-3 tp-col-md-4 tp-col-sm-6 tp-col-6  \"><article id=\"post-3653\" class=\"post-3653 post type-post status-publish format-standard has-post-thumbnail hentry category-activity\">\r\n\t<div class=\"blog-list-content\">\r\n\t\t\t\t<div class=\"post-content-image\">\r\n\t\t\t<a href=\"https:\/\/ageenerji.com.tr\/en\/solar-energy\/\">\r\n\t\t\t\t\t<div class=\"blog-featured-image \">\r\n\t<span class=\"thumb-wrap\">\r\n\t\t<img decoding=\"async\" width=\"700\" height=\"700\" src=\"https:\/\/ageenerji.com.tr\/wp-content\/uploads\/2024\/12\/Firefly-Fabrika-catisina-gunes-enerjisi-paneli-doseyen-calisan-erkek-isci-700x700.jpg\" class=\"attachment-tp-image-grid size-tp-image-grid\" alt=\"\" srcset=\"https:\/\/ageenerji.com.tr\/wp-content\/uploads\/2024\/12\/Firefly-Fabrika-catisina-gunes-enerjisi-paneli-doseyen-calisan-erkek-isci-700x700.jpg 700w, https:\/\/ageenerji.com.tr\/wp-content\/uploads\/2024\/12\/Firefly-Fabrika-catisina-gunes-enerjisi-paneli-doseyen-calisan-erkek-isci-300x300.jpg 300w, https:\/\/ageenerji.com.tr\/wp-content\/uploads\/2024\/12\/Firefly-Fabrika-catisina-gunes-enerjisi-paneli-doseyen-calisan-erkek-isci-1024x1024.jpg 1024w, https:\/\/ageenerji.com.tr\/wp-content\/uploads\/2024\/12\/Firefly-Fabrika-catisina-gunes-enerjisi-paneli-doseyen-calisan-erkek-isci-150x150.jpg 150w, https:\/\/ageenerji.com.tr\/wp-content\/uploads\/2024\/12\/Firefly-Fabrika-catisina-gunes-enerjisi-paneli-doseyen-calisan-erkek-isci-768x768.jpg 768w, https:\/\/ageenerji.com.tr\/wp-content\/uploads\/2024\/12\/Firefly-Fabrika-catisina-gunes-enerjisi-paneli-doseyen-calisan-erkek-isci-1536x1536.jpg 1536w, https:\/\/ageenerji.com.tr\/wp-content\/uploads\/2024\/12\/Firefly-Fabrika-catisina-gunes-enerjisi-paneli-doseyen-calisan-erkek-isci.jpg 1600w\" sizes=\"(max-width: 700px) 100vw, 700px\" \/>\t<\/span>\r\n\t<\/div>\r\n\t\t\t<\/a>\r\n\t\t\t\t\t<\/div>\r\n\t\t\t\t<div class=\"post-content-bottom\">\r\n\t\t\t\t\t\t<div class=\"post-metro-content\">\r\n\t\t\t\t<h3 class=\"post-title\">\r\n\t<a href=\"https:\/\/ageenerji.com.tr\/en\/solar-energy\/\" class=\"normal\">Solar Energy<\/a>\r\n<\/h3>\r\n\t\t\t\t\t\t\t\t\t<div class=\"post-hover-content\">\r\n\t\t\t\t\t\t<div class=\"entry-content\">\r\n\t<p>Reduce Your Energy Cost, Invest in Your Future. Renewable energy will be...<\/p>\r\n<\/div>\r\n\t\t\t\t\t<\/div>\r\n\t\t\t\t\t\t\t\t\t\t\t<\/div>\r\n\t\t<\/div>\r\n\t\t\t\t\t<\/div>\r\n<\/article>\r\n<\/div><div class=\"grid-item metro-item  tp-col-lg-3 tp-col-md-4 tp-col-sm-6 tp-col-6  \"><article id=\"post-3657\" class=\"post-3657 post type-post status-publish format-standard has-post-thumbnail hentry category-activity\">\r\n\t<div class=\"blog-list-content\">\r\n\t\t\t\t<div class=\"post-content-image\">\r\n\t\t\t<a href=\"https:\/\/ageenerji.com.tr\/en\/green-energy-irec-certificate\/\">\r\n\t\t\t\t\t<div class=\"blog-featured-image \">\r\n\t<span class=\"thumb-wrap\">\r\n\t\t<img loading=\"lazy\" decoding=\"async\" width=\"700\" height=\"700\" src=\"https:\/\/ageenerji.com.tr\/wp-content\/uploads\/2024\/12\/IREC_Sertifikasi-Tanitimi_Sayfa_1-700x700.jpg\" class=\"attachment-tp-image-grid size-tp-image-grid\" alt=\"\" srcset=\"https:\/\/ageenerji.com.tr\/wp-content\/uploads\/2024\/12\/IREC_Sertifikasi-Tanitimi_Sayfa_1-700x700.jpg 700w, https:\/\/ageenerji.com.tr\/wp-content\/uploads\/2024\/12\/IREC_Sertifikasi-Tanitimi_Sayfa_1-150x150.jpg 150w\" sizes=\"(max-width: 700px) 100vw, 700px\" \/>\t<\/span>\r\n\t<\/div>\r\n\t\t\t<\/a>\r\n\t\t\t\t\t<\/div>\r\n\t\t\t\t<div class=\"post-content-bottom\">\r\n\t\t\t\t\t\t<div class=\"post-metro-content\">\r\n\t\t\t\t<h3 class=\"post-title\">\r\n\t<a href=\"https:\/\/ageenerji.com.tr\/en\/green-energy-irec-certificate\/\" class=\"normal\">Green Energy Certificate<\/a>\r\n<\/h3>\r\n\t\t\t\t\t\t\t\t\t<div class=\"post-hover-content\">\r\n\t\t\t\t\t\t<div class=\"entry-content\">\r\n\t<p>Green Energy Certificate With AGE Energy, certify that your electricity is supplied...<\/p>\r\n<\/div>\r\n\t\t\t\t\t<\/div>\r\n\t\t\t\t\t\t\t\t\t\t\t<\/div>\r\n\t\t<\/div>\r\n\t\t\t\t\t<\/div>\r\n<\/article>\r\n<\/div><\/div><\/div>\t\t\t\t<\/div>\n\t\t\t\t<\/div>\n\t\t\t\t<\/div>\n\t\t\t\t<\/div>\n\t\t","protected":false},"excerpt":{"rendered":"<p>FIELDS OF ACTIVITY Serbest T\u00fcketicilere Elektrik Sat\u0131\u015f\u0131 Elektrik Tedarik ve Enerji \u00c7\u00f6z\u00fcmleri AGE Enerji olarak, 20 y\u0131l\u0131 a\u015fk\u0131n sekt\u00f6r&#8230; Toptan ve Perakende Enerji \u0130\u015f Modelleri Toptan ve Perakende Enerji \u0130\u015f Modelleri 2009 y\u0131l\u0131nda kurulan AGE Elektrik Enerjisi&#8230; G\u00fcne\u015f Enerjisi Enerji Maliyetinizi D\u00fc\u015f\u00fcr\u00fcn, Gelece\u011finize Yat\u0131r\u0131m Yap\u0131n. Yenilenebilir enerji, d\u00fcnyan\u0131n gelecekteki enerji ihtiyac\u0131n\u0131&#8230; Ye\u015fil Enerji (IREC) Sertifikas\u0131 [&hellip;]<\/p>\n","protected":false},"author":1,"featured_media":0,"parent":0,"menu_order":0,"comment_status":"closed","ping_status":"closed","template":"","meta":{"inline_featured_image":false,"footnotes":""},"class_list":["post-3639","page","type-page","status-publish","hentry"],"_links":{"self":[{"href":"https:\/\/ageenerji.com.tr\/en\/wp-json\/wp\/v2\/pages\/3639","targetHints":{"allow":["GET"]}}],"collection":[{"href":"https:\/\/ageenerji.com.tr\/en\/wp-json\/wp\/v2\/pages"}],"about":[{"href":"https:\/\/ageenerji.com.tr\/en\/wp-json\/wp\/v2\/types\/page"}],"author":[{"embeddable":true,"href":"https:\/\/ageenerji.com.tr\/en\/wp-json\/wp\/v2\/users\/1"}],"replies":[{"embeddable":true,"href":"https:\/\/ageenerji.com.tr\/en\/wp-json\/wp\/v2\/comments?post=3639"}],"version-history":[{"count":2,"href":"https:\/\/ageenerji.com.tr\/en\/wp-json\/wp\/v2\/pages\/3639\/revisions"}],"predecessor-version":[{"id":3641,"href":"https:\/\/ageenerji.com.tr\/en\/wp-json\/wp\/v2\/pages\/3639\/revisions\/3641"}],"wp:attachment":[{"href":"https:\/\/ageenerji.com.tr\/en\/wp-json\/wp\/v2\/media?parent=3639"}],"curies":[{"name":"wp","href":"https:\/\/api.w.org\/{rel}","templated":true}]}}