{"id":3665,"date":"2024-11-15T01:16:41","date_gmt":"2024-11-14T22:16:41","guid":{"rendered":"https:\/\/ageenerji.com.tr\/investments\/"},"modified":"2025-03-06T13:56:36","modified_gmt":"2025-03-06T10:56:36","slug":"investments","status":"publish","type":"page","link":"https:\/\/ageenerji.com.tr\/en\/investments\/","title":{"rendered":"Our Energy Projects"},"content":{"rendered":"\t\t<div data-elementor-type=\"wp-post\" data-elementor-id=\"3665\" class=\"elementor elementor-3665 elementor-34\" data-elementor-post-type=\"page\">\n\t\t\t\t<div class=\"elementor-element elementor-element-dd558cd e-flex e-con-boxed e-con e-parent\" data-id=\"dd558cd\" data-element_type=\"container\" data-e-type=\"container\">\n\t\t\t\t\t<div class=\"e-con-inner\">\n\t\t\t\t<div class=\"elementor-element elementor-element-6db3d26 elementor-widget elementor-widget-spacer\" data-id=\"6db3d26\" data-element_type=\"widget\" data-e-type=\"widget\" data-widget_type=\"spacer.default\">\n\t\t\t\t<div class=\"elementor-widget-container\">\n\t\t\t\t\t\t\t<div class=\"elementor-spacer\">\n\t\t\t<div class=\"elementor-spacer-inner\"><\/div>\n\t\t<\/div>\n\t\t\t\t\t\t<\/div>\n\t\t\t\t<\/div>\n\t\t\t\t\t<\/div>\n\t\t\t\t<\/div>\n\t\t<div class=\"elementor-element elementor-element-984dc21 e-flex e-con-boxed e-con e-parent\" data-id=\"984dc21\" data-element_type=\"container\" data-e-type=\"container\">\n\t\t\t\t\t<div class=\"e-con-inner\">\n\t\t\t\t<div class=\"elementor-element elementor-element-497f985 elementor-widget elementor-widget-heading\" data-id=\"497f985\" data-element_type=\"widget\" data-e-type=\"widget\" data-widget_type=\"heading.default\">\n\t\t\t\t<div class=\"elementor-widget-container\">\n\t\t\t\t\t<h2 class=\"elementor-heading-title elementor-size-default\">Our Dam and Energy Projects<\/h2>\t\t\t\t<\/div>\n\t\t\t\t<\/div>\n\t\t\t\t\t<\/div>\n\t\t\t\t<\/div>\n\t\t<div class=\"elementor-element elementor-element-702c9f8 e-flex e-con-boxed e-con e-parent\" data-id=\"702c9f8\" data-element_type=\"container\" data-e-type=\"container\">\n\t\t\t\t\t<div class=\"e-con-inner\">\n\t\t<div class=\"elementor-element elementor-element-95f4111 e-con-full e-flex e-con e-child\" data-id=\"95f4111\" data-element_type=\"container\" data-e-type=\"container\">\n\t\t\t\t<div class=\"elementor-element elementor-element-a9d4cca elementor-position-top elementor-widget elementor-widget-image-box\" data-id=\"a9d4cca\" data-element_type=\"widget\" data-e-type=\"widget\" data-widget_type=\"image-box.default\">\n\t\t\t\t<div class=\"elementor-widget-container\">\n\t\t\t\t\t<div class=\"elementor-image-box-wrapper\"><figure class=\"elementor-image-box-img\"><img fetchpriority=\"high\" decoding=\"async\" width=\"960\" height=\"1280\" src=\"https:\/\/ageenerji.com.tr\/wp-content\/uploads\/2025\/02\/FETHIYE-HIDROELEKTRIK.jpg\" class=\"attachment-full size-full wp-image-4328\" alt=\"\" srcset=\"https:\/\/ageenerji.com.tr\/wp-content\/uploads\/2025\/02\/FETHIYE-HIDROELEKTRIK.jpg 960w, https:\/\/ageenerji.com.tr\/wp-content\/uploads\/2025\/02\/FETHIYE-HIDROELEKTRIK-225x300.jpg 225w, https:\/\/ageenerji.com.tr\/wp-content\/uploads\/2025\/02\/FETHIYE-HIDROELEKTRIK-768x1024.jpg 768w\" sizes=\"(max-width: 960px) 100vw, 960px\" \/><\/figure><div class=\"elementor-image-box-content\"><h3 class=\"elementor-image-box-title\">Fethiye HEPP<\/h3><p class=\"elementor-image-box-description\">Installed Capacity 16,5 MW<\/p><\/div><\/div>\t\t\t\t<\/div>\n\t\t\t\t<\/div>\n\t\t\t\t<\/div>\n\t\t<div class=\"elementor-element elementor-element-5c68348 e-con-full e-flex e-con e-child\" data-id=\"5c68348\" data-element_type=\"container\" data-e-type=\"container\">\n\t\t\t\t<div class=\"elementor-element elementor-element-a7682a7 elementor-position-top elementor-widget elementor-widget-image-box\" data-id=\"a7682a7\" data-element_type=\"widget\" data-e-type=\"widget\" data-widget_type=\"image-box.default\">\n\t\t\t\t<div class=\"elementor-widget-container\">\n\t\t\t\t\t<div class=\"elementor-image-box-wrapper\"><figure class=\"elementor-image-box-img\"><img decoding=\"async\" width=\"960\" height=\"1280\" src=\"https:\/\/ageenerji.com.tr\/wp-content\/uploads\/2025\/02\/KARACAOREN-BARAJI.jpg\" class=\"attachment-full size-full wp-image-4318\" alt=\"\" srcset=\"https:\/\/ageenerji.com.tr\/wp-content\/uploads\/2025\/02\/KARACAOREN-BARAJI.jpg 960w, https:\/\/ageenerji.com.tr\/wp-content\/uploads\/2025\/02\/KARACAOREN-BARAJI-225x300.jpg 225w, https:\/\/ageenerji.com.tr\/wp-content\/uploads\/2025\/02\/KARACAOREN-BARAJI-768x1024.jpg 768w\" sizes=\"(max-width: 960px) 100vw, 960px\" \/><\/figure><div class=\"elementor-image-box-content\"><h3 class=\"elementor-image-box-title\">Karaca\u00f6ren Dam ve HEPP<\/h3><\/div><\/div>\t\t\t\t<\/div>\n\t\t\t\t<\/div>\n\t\t\t\t<\/div>\n\t\t<div class=\"elementor-element elementor-element-79bc14b e-con-full e-flex e-con e-child\" data-id=\"79bc14b\" data-element_type=\"container\" data-e-type=\"container\">\n\t\t\t\t<div class=\"elementor-element elementor-element-250af09 elementor-position-top elementor-widget elementor-widget-image-box\" data-id=\"250af09\" data-element_type=\"widget\" data-e-type=\"widget\" data-widget_type=\"image-box.default\">\n\t\t\t\t<div class=\"elementor-widget-container\">\n\t\t\t\t\t<div class=\"elementor-image-box-wrapper\"><figure class=\"elementor-image-box-img\"><img decoding=\"async\" width=\"960\" height=\"1280\" src=\"https:\/\/ageenerji.com.tr\/wp-content\/uploads\/2025\/02\/kara-kurt-2.jpg\" class=\"attachment-full size-full wp-image-4316\" alt=\"\" srcset=\"https:\/\/ageenerji.com.tr\/wp-content\/uploads\/2025\/02\/kara-kurt-2.jpg 960w, https:\/\/ageenerji.com.tr\/wp-content\/uploads\/2025\/02\/kara-kurt-2-225x300.jpg 225w, https:\/\/ageenerji.com.tr\/wp-content\/uploads\/2025\/02\/kara-kurt-2-768x1024.jpg 768w\" sizes=\"(max-width: 960px) 100vw, 960px\" \/><\/figure><div class=\"elementor-image-box-content\"><h3 class=\"elementor-image-box-title\">Karakurt Dam<\/h3><p class=\"elementor-image-box-description\">Installed Capacity 100 MW<\/p><\/div><\/div>\t\t\t\t<\/div>\n\t\t\t\t<\/div>\n\t\t\t\t<\/div>\n\t\t<div class=\"elementor-element elementor-element-3501b74 e-con-full e-flex e-con e-child\" data-id=\"3501b74\" data-element_type=\"container\" data-e-type=\"container\">\n\t\t\t\t<div class=\"elementor-element elementor-element-f098fc2 elementor-position-top elementor-widget elementor-widget-image-box\" data-id=\"f098fc2\" data-element_type=\"widget\" data-e-type=\"widget\" data-widget_type=\"image-box.default\">\n\t\t\t\t<div class=\"elementor-widget-container\">\n\t\t\t\t\t<div class=\"elementor-image-box-wrapper\"><figure class=\"elementor-image-box-img\"><img loading=\"lazy\" decoding=\"async\" width=\"960\" height=\"1280\" src=\"https:\/\/ageenerji.com.tr\/wp-content\/uploads\/2025\/02\/KAVSAKBENDI-HES.jpg\" class=\"attachment-full size-full wp-image-4336\" alt=\"\" srcset=\"https:\/\/ageenerji.com.tr\/wp-content\/uploads\/2025\/02\/KAVSAKBENDI-HES.jpg 960w, https:\/\/ageenerji.com.tr\/wp-content\/uploads\/2025\/02\/KAVSAKBENDI-HES-225x300.jpg 225w, https:\/\/ageenerji.com.tr\/wp-content\/uploads\/2025\/02\/KAVSAKBENDI-HES-768x1024.jpg 768w\" sizes=\"(max-width: 960px) 100vw, 960px\" \/><\/figure><div class=\"elementor-image-box-content\"><h3 class=\"elementor-image-box-title\">Kav\u015fak Bendi Dam ve HEPP <\/h3><p class=\"elementor-image-box-description\">Installed Capacity 191 MW\n<\/p><\/div><\/div>\t\t\t\t<\/div>\n\t\t\t\t<\/div>\n\t\t\t\t<\/div>\n\t\t\t\t\t<\/div>\n\t\t\t\t<\/div>\n\t\t<div class=\"elementor-element elementor-element-c525c1b e-flex e-con-boxed e-con e-parent\" data-id=\"c525c1b\" data-element_type=\"container\" data-e-type=\"container\">\n\t\t\t\t\t<div class=\"e-con-inner\">\n\t\t<div class=\"elementor-element elementor-element-d0be4f9 e-con-full e-flex e-con e-child\" data-id=\"d0be4f9\" data-element_type=\"container\" data-e-type=\"container\">\n\t\t\t\t<div class=\"elementor-element elementor-element-ab2fd17 elementor-position-top elementor-widget elementor-widget-image-box\" data-id=\"ab2fd17\" data-element_type=\"widget\" data-e-type=\"widget\" data-widget_type=\"image-box.default\">\n\t\t\t\t<div class=\"elementor-widget-container\">\n\t\t\t\t\t<div class=\"elementor-image-box-wrapper\"><figure class=\"elementor-image-box-img\"><img loading=\"lazy\" decoding=\"async\" width=\"960\" height=\"1280\" src=\"https:\/\/ageenerji.com.tr\/wp-content\/uploads\/2025\/02\/MADRA-BARAJI.jpg\" class=\"attachment-full size-full wp-image-4320\" alt=\"\" srcset=\"https:\/\/ageenerji.com.tr\/wp-content\/uploads\/2025\/02\/MADRA-BARAJI.jpg 960w, https:\/\/ageenerji.com.tr\/wp-content\/uploads\/2025\/02\/MADRA-BARAJI-225x300.jpg 225w, https:\/\/ageenerji.com.tr\/wp-content\/uploads\/2025\/02\/MADRA-BARAJI-768x1024.jpg 768w\" sizes=\"(max-width: 960px) 100vw, 960px\" \/><\/figure><div class=\"elementor-image-box-content\"><h3 class=\"elementor-image-box-title\">Madra Dam ve HEPP<\/h3><\/div><\/div>\t\t\t\t<\/div>\n\t\t\t\t<\/div>\n\t\t\t\t<\/div>\n\t\t<div class=\"elementor-element elementor-element-0a6e2ae e-con-full e-flex e-con e-child\" data-id=\"0a6e2ae\" data-element_type=\"container\" data-e-type=\"container\">\n\t\t\t\t<div class=\"elementor-element elementor-element-2b90bd1 elementor-position-top elementor-widget elementor-widget-image-box\" data-id=\"2b90bd1\" data-element_type=\"widget\" data-e-type=\"widget\" data-widget_type=\"image-box.default\">\n\t\t\t\t<div class=\"elementor-widget-container\">\n\t\t\t\t\t<div class=\"elementor-image-box-wrapper\"><figure class=\"elementor-image-box-img\"><img loading=\"lazy\" decoding=\"async\" width=\"960\" height=\"1280\" src=\"https:\/\/ageenerji.com.tr\/wp-content\/uploads\/2025\/02\/PINAR-HES.jpg\" class=\"attachment-full size-full wp-image-4322\" alt=\"\" srcset=\"https:\/\/ageenerji.com.tr\/wp-content\/uploads\/2025\/02\/PINAR-HES.jpg 960w, https:\/\/ageenerji.com.tr\/wp-content\/uploads\/2025\/02\/PINAR-HES-225x300.jpg 225w, https:\/\/ageenerji.com.tr\/wp-content\/uploads\/2025\/02\/PINAR-HES-768x1024.jpg 768w\" sizes=\"(max-width: 960px) 100vw, 960px\" \/><\/figure><div class=\"elementor-image-box-content\"><h3 class=\"elementor-image-box-title\">P\u0131nar HEPP<\/h3><p class=\"elementor-image-box-description\">Installed Capacity 30,10 MW\n <\/p><\/div><\/div>\t\t\t\t<\/div>\n\t\t\t\t<\/div>\n\t\t\t\t<\/div>\n\t\t<div class=\"elementor-element elementor-element-e8ff0f9 e-con-full e-flex e-con e-child\" data-id=\"e8ff0f9\" data-element_type=\"container\" data-e-type=\"container\">\n\t\t\t\t<div class=\"elementor-element elementor-element-adda2ed elementor-position-top elementor-widget elementor-widget-image-box\" data-id=\"adda2ed\" data-element_type=\"widget\" data-e-type=\"widget\" data-widget_type=\"image-box.default\">\n\t\t\t\t<div class=\"elementor-widget-container\">\n\t\t\t\t\t<div class=\"elementor-image-box-wrapper\"><figure class=\"elementor-image-box-img\"><img loading=\"lazy\" decoding=\"async\" width=\"960\" height=\"1280\" src=\"https:\/\/ageenerji.com.tr\/wp-content\/uploads\/2025\/02\/SARMASIK.jpg\" class=\"attachment-full size-full wp-image-4324\" alt=\"\" srcset=\"https:\/\/ageenerji.com.tr\/wp-content\/uploads\/2025\/02\/SARMASIK.jpg 960w, https:\/\/ageenerji.com.tr\/wp-content\/uploads\/2025\/02\/SARMASIK-225x300.jpg 225w, https:\/\/ageenerji.com.tr\/wp-content\/uploads\/2025\/02\/SARMASIK-768x1024.jpg 768w\" sizes=\"(max-width: 960px) 100vw, 960px\" \/><\/figure><div class=\"elementor-image-box-content\"><h3 class=\"elementor-image-box-title\">Sarma\u015f\u0131k I- II HEPP<\/h3><p class=\"elementor-image-box-description\">Installed Capacity 41,96 MW<\/p><\/div><\/div>\t\t\t\t<\/div>\n\t\t\t\t<\/div>\n\t\t\t\t<\/div>\n\t\t<div class=\"elementor-element elementor-element-233d8ec e-con-full e-flex e-con e-child\" data-id=\"233d8ec\" data-element_type=\"container\" data-e-type=\"container\">\n\t\t\t\t<div class=\"elementor-element elementor-element-ed083cc elementor-position-top elementor-widget elementor-widget-image-box\" data-id=\"ed083cc\" data-element_type=\"widget\" data-e-type=\"widget\" data-widget_type=\"image-box.default\">\n\t\t\t\t<div class=\"elementor-widget-container\">\n\t\t\t\t\t<div class=\"elementor-image-box-wrapper\"><figure class=\"elementor-image-box-img\"><img loading=\"lazy\" decoding=\"async\" width=\"960\" height=\"1280\" src=\"https:\/\/ageenerji.com.tr\/wp-content\/uploads\/2025\/02\/Shuakhevi-HES_.jpg\" class=\"attachment-full size-full wp-image-4314\" alt=\"\" srcset=\"https:\/\/ageenerji.com.tr\/wp-content\/uploads\/2025\/02\/Shuakhevi-HES_.jpg 960w, https:\/\/ageenerji.com.tr\/wp-content\/uploads\/2025\/02\/Shuakhevi-HES_-225x300.jpg 225w, https:\/\/ageenerji.com.tr\/wp-content\/uploads\/2025\/02\/Shuakhevi-HES_-768x1024.jpg 768w\" sizes=\"(max-width: 960px) 100vw, 960px\" \/><\/figure><div class=\"elementor-image-box-content\"><h3 class=\"elementor-image-box-title\">Shuakhevi HEPP \u2013 Georgia<\/h3><p class=\"elementor-image-box-description\">Installed Capacity 185 MW<\/p><\/div><\/div>\t\t\t\t<\/div>\n\t\t\t\t<\/div>\n\t\t\t\t<\/div>\n\t\t\t\t\t<\/div>\n\t\t\t\t<\/div>\n\t\t<div class=\"elementor-element elementor-element-c947c08 e-flex e-con-boxed e-con e-parent\" data-id=\"c947c08\" data-element_type=\"container\" data-e-type=\"container\">\n\t\t\t\t\t<div class=\"e-con-inner\">\n\t\t<div class=\"elementor-element elementor-element-b5122fd e-con-full e-flex e-con e-child\" data-id=\"b5122fd\" data-element_type=\"container\" data-e-type=\"container\">\n\t\t\t\t<div class=\"elementor-element elementor-element-580a224 elementor-position-top elementor-widget elementor-widget-image-box\" data-id=\"580a224\" data-element_type=\"widget\" data-e-type=\"widget\" data-widget_type=\"image-box.default\">\n\t\t\t\t<div class=\"elementor-widget-container\">\n\t\t\t\t\t<div class=\"elementor-image-box-wrapper\"><figure class=\"elementor-image-box-img\"><img loading=\"lazy\" decoding=\"async\" width=\"960\" height=\"1280\" src=\"https:\/\/ageenerji.com.tr\/wp-content\/uploads\/2025\/02\/YAMAC-HES.jpg\" class=\"attachment-full size-full wp-image-4326\" alt=\"\" srcset=\"https:\/\/ageenerji.com.tr\/wp-content\/uploads\/2025\/02\/YAMAC-HES.jpg 960w, https:\/\/ageenerji.com.tr\/wp-content\/uploads\/2025\/02\/YAMAC-HES-225x300.jpg 225w, https:\/\/ageenerji.com.tr\/wp-content\/uploads\/2025\/02\/YAMAC-HES-768x1024.jpg 768w\" sizes=\"(max-width: 960px) 100vw, 960px\" \/><\/figure><div class=\"elementor-image-box-content\"><h3 class=\"elementor-image-box-title\">Yama\u00e7 HEPP<\/h3><p class=\"elementor-image-box-description\">Installed Capacity 5,61 MW<\/p><\/div><\/div>\t\t\t\t<\/div>\n\t\t\t\t<\/div>\n\t\t\t\t<\/div>\n\t\t<div class=\"elementor-element elementor-element-1bbfdfe e-con-full elementor-hidden-mobile e-flex e-con e-child\" data-id=\"1bbfdfe\" data-element_type=\"container\" data-e-type=\"container\">\n\t\t\t\t<\/div>\n\t\t<div class=\"elementor-element elementor-element-c5ad893 e-con-full elementor-hidden-mobile e-flex e-con e-child\" data-id=\"c5ad893\" data-element_type=\"container\" data-e-type=\"container\">\n\t\t\t\t<\/div>\n\t\t<div class=\"elementor-element elementor-element-54c7639 e-con-full elementor-hidden-mobile e-flex e-con e-child\" data-id=\"54c7639\" data-element_type=\"container\" data-e-type=\"container\">\n\t\t\t\t<\/div>\n\t\t\t\t\t<\/div>\n\t\t\t\t<\/div>\n\t\t<div class=\"elementor-element elementor-element-a14d65d e-flex e-con-boxed e-con e-parent\" data-id=\"a14d65d\" data-element_type=\"container\" data-e-type=\"container\">\n\t\t\t\t\t<div class=\"e-con-inner\">\n\t\t\t\t<div class=\"elementor-element elementor-element-6ef5a96 elementor-widget elementor-widget-heading\" data-id=\"6ef5a96\" data-element_type=\"widget\" data-e-type=\"widget\" data-widget_type=\"heading.default\">\n\t\t\t\t<div class=\"elementor-widget-container\">\n\t\t\t\t\t<h2 class=\"elementor-heading-title elementor-size-default\">Solar Power Projects<\/h2>\t\t\t\t<\/div>\n\t\t\t\t<\/div>\n\t\t\t\t\t<\/div>\n\t\t\t\t<\/div>\n\t\t<div class=\"elementor-element elementor-element-f6481a4 e-flex e-con-boxed e-con e-parent\" data-id=\"f6481a4\" data-element_type=\"container\" data-e-type=\"container\">\n\t\t\t\t\t<div class=\"e-con-inner\">\n\t\t<div class=\"elementor-element elementor-element-be01c8b e-con-full e-flex e-con e-child\" data-id=\"be01c8b\" data-element_type=\"container\" data-e-type=\"container\">\n\t\t\t\t<div class=\"elementor-element elementor-element-0b05ce8 elementor-position-top elementor-widget elementor-widget-image-box\" data-id=\"0b05ce8\" data-element_type=\"widget\" data-e-type=\"widget\" data-widget_type=\"image-box.default\">\n\t\t\t\t<div class=\"elementor-widget-container\">\n\t\t\t\t\t<div class=\"elementor-image-box-wrapper\"><figure class=\"elementor-image-box-img\"><img loading=\"lazy\" decoding=\"async\" width=\"1440\" height=\"1920\" src=\"https:\/\/ageenerji.com.tr\/wp-content\/uploads\/2025\/02\/erzurum.jpg\" class=\"attachment-full size-full wp-image-4234\" alt=\"\" srcset=\"https:\/\/ageenerji.com.tr\/wp-content\/uploads\/2025\/02\/erzurum.jpg 1440w, https:\/\/ageenerji.com.tr\/wp-content\/uploads\/2025\/02\/erzurum-225x300.jpg 225w, https:\/\/ageenerji.com.tr\/wp-content\/uploads\/2025\/02\/erzurum-768x1024.jpg 768w, https:\/\/ageenerji.com.tr\/wp-content\/uploads\/2025\/02\/erzurum-1152x1536.jpg 1152w\" sizes=\"(max-width: 1440px) 100vw, 1440px\" \/><\/figure><div class=\"elementor-image-box-content\"><h3 class=\"elementor-image-box-title\">Erzurum Land SP <\/h3><p class=\"elementor-image-box-description\">1000 kWP<\/p><\/div><\/div>\t\t\t\t<\/div>\n\t\t\t\t<\/div>\n\t\t\t\t<\/div>\n\t\t<div class=\"elementor-element elementor-element-e8576cb e-con-full e-flex e-con e-child\" data-id=\"e8576cb\" data-element_type=\"container\" data-e-type=\"container\">\n\t\t\t\t<div class=\"elementor-element elementor-element-2ac8dd9 elementor-position-top elementor-widget elementor-widget-image-box\" data-id=\"2ac8dd9\" data-element_type=\"widget\" data-e-type=\"widget\" data-widget_type=\"image-box.default\">\n\t\t\t\t<div class=\"elementor-widget-container\">\n\t\t\t\t\t<div class=\"elementor-image-box-wrapper\"><figure class=\"elementor-image-box-img\"><img loading=\"lazy\" decoding=\"async\" width=\"1440\" height=\"1920\" src=\"https:\/\/ageenerji.com.tr\/wp-content\/uploads\/2025\/02\/kutahya.jpg\" class=\"attachment-full size-full wp-image-4236\" alt=\"\" srcset=\"https:\/\/ageenerji.com.tr\/wp-content\/uploads\/2025\/02\/kutahya.jpg 1440w, https:\/\/ageenerji.com.tr\/wp-content\/uploads\/2025\/02\/kutahya-225x300.jpg 225w, https:\/\/ageenerji.com.tr\/wp-content\/uploads\/2025\/02\/kutahya-768x1024.jpg 768w, https:\/\/ageenerji.com.tr\/wp-content\/uploads\/2025\/02\/kutahya-1152x1536.jpg 1152w\" sizes=\"(max-width: 1440px) 100vw, 1440px\" \/><\/figure><div class=\"elementor-image-box-content\"><h3 class=\"elementor-image-box-title\">K\u00fctahya Land SP<\/h3><p class=\"elementor-image-box-description\">2200 kWp<\/p><\/div><\/div>\t\t\t\t<\/div>\n\t\t\t\t<\/div>\n\t\t\t\t<\/div>\n\t\t<div class=\"elementor-element elementor-element-aeb62ed e-con-full e-flex e-con e-child\" data-id=\"aeb62ed\" data-element_type=\"container\" data-e-type=\"container\">\n\t\t\t\t<div class=\"elementor-element elementor-element-701c93e elementor-position-top elementor-widget elementor-widget-image-box\" data-id=\"701c93e\" data-element_type=\"widget\" data-e-type=\"widget\" data-widget_type=\"image-box.default\">\n\t\t\t\t<div class=\"elementor-widget-container\">\n\t\t\t\t\t<div class=\"elementor-image-box-wrapper\"><figure class=\"elementor-image-box-img\"><img loading=\"lazy\" decoding=\"async\" width=\"768\" height=\"1024\" src=\"https:\/\/ageenerji.com.tr\/wp-content\/uploads\/2025\/02\/balikesir-768x1024-1.jpg\" class=\"attachment-full size-full wp-image-4232\" alt=\"\" srcset=\"https:\/\/ageenerji.com.tr\/wp-content\/uploads\/2025\/02\/balikesir-768x1024-1.jpg 768w, https:\/\/ageenerji.com.tr\/wp-content\/uploads\/2025\/02\/balikesir-768x1024-1-225x300.jpg 225w\" sizes=\"(max-width: 768px) 100vw, 768px\" \/><\/figure><div class=\"elementor-image-box-content\"><h3 class=\"elementor-image-box-title\">Bal\u0131kesir Land SP <\/h3><p class=\"elementor-image-box-description\">3100 kWp<\/p><\/div><\/div>\t\t\t\t<\/div>\n\t\t\t\t<\/div>\n\t\t\t\t<\/div>\n\t\t<div class=\"elementor-element elementor-element-e208c27 e-con-full e-flex e-con e-child\" data-id=\"e208c27\" data-element_type=\"container\" data-e-type=\"container\">\n\t\t\t\t<div class=\"elementor-element elementor-element-de325a9 elementor-position-top elementor-widget elementor-widget-image-box\" data-id=\"de325a9\" data-element_type=\"widget\" data-e-type=\"widget\" data-widget_type=\"image-box.default\">\n\t\t\t\t<div class=\"elementor-widget-container\">\n\t\t\t\t\t<div class=\"elementor-image-box-wrapper\"><figure class=\"elementor-image-box-img\"><img loading=\"lazy\" decoding=\"async\" width=\"768\" height=\"1024\" src=\"https:\/\/ageenerji.com.tr\/wp-content\/uploads\/2025\/02\/karaman-768x1024-1.jpg\" class=\"attachment-full size-full wp-image-4245\" alt=\"\" srcset=\"https:\/\/ageenerji.com.tr\/wp-content\/uploads\/2025\/02\/karaman-768x1024-1.jpg 768w, https:\/\/ageenerji.com.tr\/wp-content\/uploads\/2025\/02\/karaman-768x1024-1-225x300.jpg 225w\" sizes=\"(max-width: 768px) 100vw, 768px\" \/><\/figure><div class=\"elementor-image-box-content\"><h3 class=\"elementor-image-box-title\">Karaman Land SP <\/h3><p class=\"elementor-image-box-description\">800 kWp<\/p><\/div><\/div>\t\t\t\t<\/div>\n\t\t\t\t<\/div>\n\t\t\t\t<\/div>\n\t\t\t\t\t<\/div>\n\t\t\t\t<\/div>\n\t\t<div class=\"elementor-element elementor-element-66945b0 e-flex e-con-boxed e-con e-parent\" data-id=\"66945b0\" data-element_type=\"container\" data-e-type=\"container\">\n\t\t\t\t\t<div class=\"e-con-inner\">\n\t\t<div class=\"elementor-element elementor-element-1a59d9c e-con-full e-flex e-con e-child\" data-id=\"1a59d9c\" data-element_type=\"container\" data-e-type=\"container\">\n\t\t\t\t<div class=\"elementor-element elementor-element-f85e950 elementor-position-top elementor-widget elementor-widget-image-box\" data-id=\"f85e950\" data-element_type=\"widget\" data-e-type=\"widget\" data-widget_type=\"image-box.default\">\n\t\t\t\t<div class=\"elementor-widget-container\">\n\t\t\t\t\t<div class=\"elementor-image-box-wrapper\"><figure class=\"elementor-image-box-img\"><img loading=\"lazy\" decoding=\"async\" width=\"768\" height=\"1024\" src=\"https:\/\/ageenerji.com.tr\/wp-content\/uploads\/2025\/02\/batman-768x1024-1.jpg\" class=\"attachment-full size-full wp-image-4243\" alt=\"\" srcset=\"https:\/\/ageenerji.com.tr\/wp-content\/uploads\/2025\/02\/batman-768x1024-1.jpg 768w, https:\/\/ageenerji.com.tr\/wp-content\/uploads\/2025\/02\/batman-768x1024-1-225x300.jpg 225w\" sizes=\"(max-width: 768px) 100vw, 768px\" \/><\/figure><div class=\"elementor-image-box-content\"><h3 class=\"elementor-image-box-title\">Batman Boran Roof SP <\/h3><p class=\"elementor-image-box-description\">185 kWp<\/p><\/div><\/div>\t\t\t\t<\/div>\n\t\t\t\t<\/div>\n\t\t\t\t<\/div>\n\t\t<div class=\"elementor-element elementor-element-75b7e12 e-con-full e-flex e-con e-child\" data-id=\"75b7e12\" data-element_type=\"container\" data-e-type=\"container\">\n\t\t\t\t<div class=\"elementor-element elementor-element-b402487 elementor-position-top elementor-widget elementor-widget-image-box\" data-id=\"b402487\" data-element_type=\"widget\" data-e-type=\"widget\" data-widget_type=\"image-box.default\">\n\t\t\t\t<div class=\"elementor-widget-container\">\n\t\t\t\t\t<div class=\"elementor-image-box-wrapper\"><figure class=\"elementor-image-box-img\"><img loading=\"lazy\" decoding=\"async\" width=\"702\" height=\"936\" src=\"https:\/\/ageenerji.com.tr\/wp-content\/uploads\/2025\/02\/6.jpg\" class=\"attachment-full size-full wp-image-4241\" alt=\"\" srcset=\"https:\/\/ageenerji.com.tr\/wp-content\/uploads\/2025\/02\/6.jpg 702w, https:\/\/ageenerji.com.tr\/wp-content\/uploads\/2025\/02\/6-225x300.jpg 225w\" sizes=\"(max-width: 702px) 100vw, 702px\" \/><\/figure><div class=\"elementor-image-box-content\"><h3 class=\"elementor-image-box-title\">Batman Boran Roof SP-2 <\/h3><p class=\"elementor-image-box-description\">61 kWp<\/p><\/div><\/div>\t\t\t\t<\/div>\n\t\t\t\t<\/div>\n\t\t\t\t<\/div>\n\t\t<div class=\"elementor-element elementor-element-cbbc8c1 e-con-full e-flex e-con e-child\" data-id=\"cbbc8c1\" data-element_type=\"container\" data-e-type=\"container\">\n\t\t\t\t<\/div>\n\t\t<div class=\"elementor-element elementor-element-925175d e-con-full e-flex e-con e-child\" data-id=\"925175d\" data-element_type=\"container\" data-e-type=\"container\">\n\t\t\t\t<\/div>\n\t\t\t\t\t<\/div>\n\t\t\t\t<\/div>\n\t\t\t\t<\/div>\n\t\t","protected":false},"excerpt":{"rendered":"<p>Our Dam and Energy Projects Fethiye HEPP Installed Capacity 16,5 MW Karaca\u00f6ren Dam ve HEPP Karakurt Dam Installed Capacity 100 MW Kav\u015fak Bendi Dam ve HEPP Installed Capacity 191 MW Madra Dam ve HEPP P\u0131nar HEPP Installed Capacity 30,10 MW Sarma\u015f\u0131k I- II HEPP Installed Capacity 41,96 MW Shuakhevi HEPP \u2013 Georgia Installed Capacity 185 [&hellip;]<\/p>\n","protected":false},"author":1,"featured_media":0,"parent":0,"menu_order":0,"comment_status":"closed","ping_status":"closed","template":"","meta":{"inline_featured_image":false,"footnotes":""},"class_list":["post-3665","page","type-page","status-publish","hentry"],"_links":{"self":[{"href":"https:\/\/ageenerji.com.tr\/en\/wp-json\/wp\/v2\/pages\/3665","targetHints":{"allow":["GET"]}}],"collection":[{"href":"https:\/\/ageenerji.com.tr\/en\/wp-json\/wp\/v2\/pages"}],"about":[{"href":"https:\/\/ageenerji.com.tr\/en\/wp-json\/wp\/v2\/types\/page"}],"author":[{"embeddable":true,"href":"https:\/\/ageenerji.com.tr\/en\/wp-json\/wp\/v2\/users\/1"}],"replies":[{"embeddable":true,"href":"https:\/\/ageenerji.com.tr\/en\/wp-json\/wp\/v2\/comments?post=3665"}],"version-history":[{"count":3,"href":"https:\/\/ageenerji.com.tr\/en\/wp-json\/wp\/v2\/pages\/3665\/revisions"}],"predecessor-version":[{"id":4612,"href":"https:\/\/ageenerji.com.tr\/en\/wp-json\/wp\/v2\/pages\/3665\/revisions\/4612"}],"wp:attachment":[{"href":"https:\/\/ageenerji.com.tr\/en\/wp-json\/wp\/v2\/media?parent=3665"}],"curies":[{"name":"wp","href":"https:\/\/api.w.org\/{rel}","templated":true}]}}