{"id":4614,"date":"2024-11-19T18:40:50","date_gmt":"2024-11-19T15:40:50","guid":{"rendered":"https:\/\/ageenerji.com.tr\/information-security-management-system-2\/"},"modified":"2025-03-06T14:00:32","modified_gmt":"2025-03-06T11:00:32","slug":"information-security-management-system-2","status":"publish","type":"page","link":"https:\/\/ageenerji.com.tr\/en\/information-security-management-system-2\/","title":{"rendered":"Information Security Management System"},"content":{"rendered":"\t\t<div data-elementor-type=\"wp-post\" data-elementor-id=\"4614\" class=\"elementor elementor-4614 elementor-500\" data-elementor-post-type=\"page\">\n\t\t\t\t<div class=\"elementor-element elementor-element-f8ec2f0 e-flex e-con-boxed e-con e-parent\" data-id=\"f8ec2f0\" data-element_type=\"container\" data-e-type=\"container\">\n\t\t\t\t\t<div class=\"e-con-inner\">\n\t\t<div class=\"elementor-element elementor-element-0a7a1fd e-con-full e-flex e-con e-child\" data-id=\"0a7a1fd\" data-element_type=\"container\" data-e-type=\"container\">\n\t\t\t\t<div class=\"elementor-element elementor-element-f9e00d8 elementor-widget elementor-widget-heading\" data-id=\"f9e00d8\" data-element_type=\"widget\" data-e-type=\"widget\" data-widget_type=\"heading.default\">\n\t\t\t\t<div class=\"elementor-widget-container\">\n\t\t\t\t\t<h2 class=\"elementor-heading-title elementor-size-default\">Information Security Management System<\/h2>\t\t\t\t<\/div>\n\t\t\t\t<\/div>\n\t\t\t\t<\/div>\n\t\t\t\t\t<\/div>\n\t\t\t\t<\/div>\n\t\t<div class=\"elementor-element elementor-element-2a4734d e-flex e-con-boxed e-con e-parent\" data-id=\"2a4734d\" data-element_type=\"container\" data-e-type=\"container\">\n\t\t\t\t\t<div class=\"e-con-inner\">\n\t\t<div class=\"elementor-element elementor-element-78ce248 e-con-full e-flex e-con e-child\" data-id=\"78ce248\" data-element_type=\"container\" data-e-type=\"container\">\n\t\t\t\t<div class=\"elementor-element elementor-element-4bde5be elementor-widget elementor-widget-text-editor\" data-id=\"4bde5be\" data-element_type=\"widget\" data-e-type=\"widget\" data-widget_type=\"text-editor.default\">\n\t\t\t\t<div class=\"elementor-widget-container\">\n\t\t\t\t\t\t\t\t\t<h6><strong>Trade Name<br \/><\/strong><\/h6>\n<p>AGE ENERJ\u0130 \u00dcRET\u0130M A.\u015e.<\/p>\n\t\t\t\t\t\t\t\t<\/div>\n\t\t\t\t<\/div>\n\t\t\t\t<div class=\"elementor-element elementor-element-075a4fb elementor-widget elementor-widget-text-editor\" data-id=\"075a4fb\" data-element_type=\"widget\" data-e-type=\"widget\" data-widget_type=\"text-editor.default\">\n\t\t\t\t<div class=\"elementor-widget-container\">\n\t\t\t\t\t\t\t\t\t<h6><strong>Tax Office<br \/><\/strong><\/h6>\n<p>Ankara, Kavakl\u0131dere Vergi Dairesi M\u00fcd\u00fcrl\u00fc\u011f\u00fc<\/p>\n\t\t\t\t\t\t\t\t<\/div>\n\t\t\t\t<\/div>\n\t\t\t\t<div class=\"elementor-element elementor-element-24946c6 elementor-widget elementor-widget-text-editor\" data-id=\"24946c6\" data-element_type=\"widget\" data-e-type=\"widget\" data-widget_type=\"text-editor.default\">\n\t\t\t\t<div class=\"elementor-widget-container\">\n\t\t\t\t\t\t\t\t\t<h6><strong>Address<br \/><\/strong><\/h6>\n<p>Tahran Caddesi No: 19\/6 Kavakl\u0131dere \u00c7ankaya, Ankara<\/p>\n\t\t\t\t\t\t\t\t<\/div>\n\t\t\t\t<\/div>\n\t\t\t\t<div class=\"elementor-element elementor-element-ecd9282 elementor-widget elementor-widget-text-editor\" data-id=\"ecd9282\" data-element_type=\"widget\" data-e-type=\"widget\" data-widget_type=\"text-editor.default\">\n\t\t\t\t<div class=\"elementor-widget-container\">\n\t\t\t\t\t\t\t\t\t<h6><strong>Tax Number\n<\/strong><\/h6>\n9330368901\t\t\t\t\t\t\t\t<\/div>\n\t\t\t\t<\/div>\n\t\t\t\t<\/div>\n\t\t<div class=\"elementor-element elementor-element-ccf3d13 e-con-full e-flex e-con e-child\" data-id=\"ccf3d13\" data-element_type=\"container\" data-e-type=\"container\">\n\t\t\t\t<div class=\"elementor-element elementor-element-0db7fb0 elementor-widget elementor-widget-text-editor\" data-id=\"0db7fb0\" data-element_type=\"widget\" data-e-type=\"widget\" data-widget_type=\"text-editor.default\">\n\t\t\t\t<div class=\"elementor-widget-container\">\n\t\t\t\t\t\t\t\t\t<h6><strong>Mersis<br \/><\/strong><\/h6>\n<p>0933036890100013<\/p>\n\t\t\t\t\t\t\t\t<\/div>\n\t\t\t\t<\/div>\n\t\t\t\t<div class=\"elementor-element elementor-element-f318a5b elementor-widget elementor-widget-text-editor\" data-id=\"f318a5b\" data-element_type=\"widget\" data-e-type=\"widget\" data-widget_type=\"text-editor.default\">\n\t\t\t\t<div class=\"elementor-widget-container\">\n\t\t\t\t\t\t\t\t\t<h6><strong>Trade Registry Office<br \/><\/strong><\/h6>\n<p>Ankara<\/p>\n\t\t\t\t\t\t\t\t<\/div>\n\t\t\t\t<\/div>\n\t\t\t\t<div class=\"elementor-element elementor-element-2f93871 elementor-widget elementor-widget-text-editor\" data-id=\"2f93871\" data-element_type=\"widget\" data-e-type=\"widget\" data-widget_type=\"text-editor.default\">\n\t\t\t\t<div class=\"elementor-widget-container\">\n\t\t\t\t\t\t\t\t\t<h6><strong>Trade Registry Number<br \/><\/strong><\/h6>\n<p>277273<\/p>\n\t\t\t\t\t\t\t\t<\/div>\n\t\t\t\t<\/div>\n\t\t\t\t<div class=\"elementor-element elementor-element-6e263e9 elementor-widget elementor-widget-tp-button\" data-id=\"6e263e9\" data-element_type=\"widget\" data-e-type=\"widget\" data-widget_type=\"tp-button.default\">\n\t\t\t\t<div class=\"elementor-widget-container\">\n\t\t\t\t\t<div class=\"pt-plus-button-wrapper   text-   \"><div class=\"button_parallax   \" ><div id=\"button69ee4d3309d38\"  class=\" text- ts-button content_hover_effect   \" ><div class=\"pt_plus_button btn69ee4d33097d5 button-style-7   \"  ><div class=\"animted-content-inner \"><a href=\"https:\/\/e-sirket.mkk.com.tr\/?page=company&#038;company=17665#\" class=\"button-link-wrap \" role=\"button\" data-hover=\"e-\u015eirket sayfam\u0131z\"  >e-\u015eirket sayfam\u0131z<span class=\"btn-arrow\"><\/span><\/a><\/div><\/div><\/div><\/div><\/div>\t\t\t\t<\/div>\n\t\t\t\t<\/div>\n\t\t\t\t<\/div>\n\t\t\t\t\t<\/div>\n\t\t\t\t<\/div>\n\t\t\t\t<\/div>\n\t\t","protected":false},"excerpt":{"rendered":"<p>Information Security Management System Trade Name AGE ENERJ\u0130 \u00dcRET\u0130M A.\u015e. Tax Office Ankara, Kavakl\u0131dere Vergi Dairesi M\u00fcd\u00fcrl\u00fc\u011f\u00fc Address Tahran Caddesi No: 19\/6 Kavakl\u0131dere \u00c7ankaya, Ankara Tax Number 9330368901 Mersis 0933036890100013 Trade Registry Office Ankara Trade Registry Number 277273 e-\u015eirket sayfam\u0131z<\/p>\n","protected":false},"author":1,"featured_media":0,"parent":0,"menu_order":0,"comment_status":"closed","ping_status":"closed","template":"","meta":{"inline_featured_image":false,"footnotes":""},"class_list":["post-4614","page","type-page","status-publish","hentry"],"_links":{"self":[{"href":"https:\/\/ageenerji.com.tr\/en\/wp-json\/wp\/v2\/pages\/4614","targetHints":{"allow":["GET"]}}],"collection":[{"href":"https:\/\/ageenerji.com.tr\/en\/wp-json\/wp\/v2\/pages"}],"about":[{"href":"https:\/\/ageenerji.com.tr\/en\/wp-json\/wp\/v2\/types\/page"}],"author":[{"embeddable":true,"href":"https:\/\/ageenerji.com.tr\/en\/wp-json\/wp\/v2\/users\/1"}],"replies":[{"embeddable":true,"href":"https:\/\/ageenerji.com.tr\/en\/wp-json\/wp\/v2\/comments?post=4614"}],"version-history":[{"count":1,"href":"https:\/\/ageenerji.com.tr\/en\/wp-json\/wp\/v2\/pages\/4614\/revisions"}],"predecessor-version":[{"id":4615,"href":"https:\/\/ageenerji.com.tr\/en\/wp-json\/wp\/v2\/pages\/4614\/revisions\/4615"}],"wp:attachment":[{"href":"https:\/\/ageenerji.com.tr\/en\/wp-json\/wp\/v2\/media?parent=4614"}],"curies":[{"name":"wp","href":"https:\/\/api.w.org\/{rel}","templated":true}]}}